{"id":13829,"date":"2023-08-03T17:50:32","date_gmt":"2023-08-03T15:50:32","guid":{"rendered":"https:\/\/c-proactif.org\/?page_id=13829"},"modified":"2024-02-21T15:48:28","modified_gmt":"2024-02-21T14:48:28","slug":"coach-fabiennerg","status":"publish","type":"page","link":"https:\/\/wp-sites.ccci.org\/c-proactif\/coaching-individuel\/coach-fabiennerg\/","title":{"rendered":"Fabienne Ruch-Goron"},"content":{"rendered":"\t\t<div data-elementor-type=\"wp-page\" data-elementor-id=\"13829\" class=\"elementor elementor-13829\" data-elementor-post-type=\"page\">\n\t\t\t\t\t\t<section data-particle_enable=\"false\" data-particle-mobile-disabled=\"false\" class=\"elementor-section elementor-top-section elementor-element elementor-element-f401171 elementor-section-boxed elementor-section-height-default elementor-section-height-default\" data-id=\"f401171\" data-element_type=\"section\">\n\t\t\t\t\t\t<div class=\"elementor-container elementor-column-gap-default\">\n\t\t\t\t\t<div class=\"elementor-column elementor-col-33 elementor-top-column elementor-element elementor-element-b843f3f\" data-id=\"b843f3f\" data-element_type=\"column\">\n\t\t\t<div class=\"elementor-widget-wrap elementor-element-populated\">\n\t\t\t\t\t\t<div class=\"elementor-element elementor-element-77e4508 elementor-widget elementor-widget-image\" data-id=\"77e4508\" data-element_type=\"widget\" data-widget_type=\"image.default\">\n\t\t\t\t<div class=\"elementor-widget-container\">\n\t\t\t\t\t\t\t\t\t\t\t\t\t\t\t<img fetchpriority=\"high\" decoding=\"async\" width=\"1200\" height=\"1233\" src=\"https:\/\/wp-sites.ccci.org\/c-proactif\/wp-content\/uploads\/sites\/393\/2024\/02\/Fabienne_GORON_MYPASSEVOLUTION-scaled.jpg\" class=\"attachment-full size-full wp-image-15028\" alt=\"\" srcset=\"https:\/\/wp-sites.ccci.org\/c-proactif\/wp-content\/uploads\/sites\/393\/2024\/02\/Fabienne_GORON_MYPASSEVOLUTION-scaled.jpg 2492w, https:\/\/wp-sites.ccci.org\/c-proactif\/wp-content\/uploads\/sites\/393\/2024\/02\/Fabienne_GORON_MYPASSEVOLUTION-scaled.jpg?resize=292,300 292w, https:\/\/wp-sites.ccci.org\/c-proactif\/wp-content\/uploads\/sites\/393\/2024\/02\/Fabienne_GORON_MYPASSEVOLUTION-scaled.jpg?resize=768,789 768w, https:\/\/wp-sites.ccci.org\/c-proactif\/wp-content\/uploads\/sites\/393\/2024\/02\/Fabienne_GORON_MYPASSEVOLUTION-scaled.jpg?resize=997,1024 997w, https:\/\/wp-sites.ccci.org\/c-proactif\/wp-content\/uploads\/sites\/393\/2024\/02\/Fabienne_GORON_MYPASSEVOLUTION-scaled.jpg?resize=1495,1536 1495w, https:\/\/wp-sites.ccci.org\/c-proactif\/wp-content\/uploads\/sites\/393\/2024\/02\/Fabienne_GORON_MYPASSEVOLUTION-scaled.jpg?resize=1994,2048 1994w\" sizes=\"(max-width: 1200px) 100vw, 1200px\" \/>\t\t\t\t\t\t\t\t\t\t\t\t\t\t\t<\/div>\n\t\t\t\t<\/div>\n\t\t\t\t<div class=\"elementor-element elementor-element-59b1a62 elementor-widget elementor-widget-spacer\" data-id=\"59b1a62\" data-element_type=\"widget\" data-widget_type=\"spacer.default\">\n\t\t\t\t<div class=\"elementor-widget-container\">\n\t\t\t\t\t\t\t<div class=\"elementor-spacer\">\n\t\t\t<div class=\"elementor-spacer-inner\"><\/div>\n\t\t<\/div>\n\t\t\t\t\t\t<\/div>\n\t\t\t\t<\/div>\n\t\t\t\t\t<\/div>\n\t\t<\/div>\n\t\t\t\t<div class=\"elementor-column elementor-col-66 elementor-top-column elementor-element elementor-element-c5ad444\" data-id=\"c5ad444\" data-element_type=\"column\">\n\t\t\t<div class=\"elementor-widget-wrap elementor-element-populated\">\n\t\t\t\t\t\t<div class=\"elementor-element elementor-element-1b83153 elementor-widget elementor-widget-text-editor\" data-id=\"1b83153\" data-element_type=\"widget\" data-widget_type=\"text-editor.default\">\n\t\t\t\t<div class=\"elementor-widget-container\">\n\t\t\t\t\t\t\t\t\t<p style=\"text-align: center\"><em><strong><img decoding=\"async\" class=\"size-full wp-image-15034 alignright\" src=\"https:\/\/wp-sites.ccci.org\/c-proactif\/\/wp-content\/uploads\/sites\/393\/2024\/02\/logo-mypass-evolution.png\" alt=\"\" width=\"245\" height=\"78\" \/><\/strong><\/em><\/p><p style=\"text-align: center\"><em><strong>\u00ab\u00a0Je souhaite aider chacun, chacune \u00e0 faire les bons choix<br \/>pour s\u2019\u00e9panouir et d\u00e9velopper son potentiel d\u2019\u00e9volution ! \u00bb<\/strong><\/em><\/p><p>\u00a0<\/p><p>Coach et Conseill\u00e8re en bilans de comp\u00e9tences et en \u00e9volution professionnelle, je suis attach\u00e9e \u00e0 vous apporter un accompagnement personnalis\u00e9 qui puisse vous permettre d\u2019avancer, de poser des actes vers votre prochaine \u00e9tape en respectant votre parcours et votre cheminement singuliers. Les valeurs qui m&rsquo;animent :\u00a0<\/p><ul><li>le professionnalisme,<\/li><li>la transparence,<\/li><li>l\u2019encouragement et<\/li><li>l\u2019ouverture !<\/li><\/ul>\t\t\t\t\t\t\t\t<\/div>\n\t\t\t\t<\/div>\n\t\t\t\t\t<\/div>\n\t\t<\/div>\n\t\t\t\t\t<\/div>\n\t\t<\/section>\n\t\t\t\t<section data-particle_enable=\"false\" data-particle-mobile-disabled=\"false\" class=\"elementor-section elementor-top-section elementor-element elementor-element-2a77f59 elementor-section-boxed elementor-section-height-default elementor-section-height-default\" data-id=\"2a77f59\" data-element_type=\"section\">\n\t\t\t\t\t\t<div class=\"elementor-container elementor-column-gap-default\">\n\t\t\t\t\t<div class=\"elementor-column elementor-col-33 elementor-top-column elementor-element elementor-element-7f136a2 no-bg\" data-id=\"7f136a2\" data-element_type=\"column\" data-settings=\"{&quot;background_background&quot;:&quot;classic&quot;}\">\n\t\t\t<div class=\"elementor-widget-wrap elementor-element-populated\">\n\t\t\t\t\t\t<div class=\"elementor-element elementor-element-4b491de elementor-align-justify elementor-widget elementor-widget-button\" data-id=\"4b491de\" data-element_type=\"widget\" data-widget_type=\"button.default\">\n\t\t\t\t<div class=\"elementor-widget-container\">\n\t\t\t\t\t\t\t\t\t<div class=\"elementor-button-wrapper\">\n\t\t\t\t\t<a class=\"elementor-button elementor-size-sm\" role=\"button\">\n\t\t\t\t\t\t<span class=\"elementor-button-content-wrapper\">\n\t\t\t\t\t\t<span class=\"elementor-button-icon\">\n\t\t\t\t<i aria-hidden=\"true\" class=\"far fa-envelope\"><\/i>\t\t\t<\/span>\n\t\t\t\t\t\t\t\t\t<span class=\"elementor-button-text\">Prendre contact<\/span>\n\t\t\t\t\t<\/span>\n\t\t\t\t\t<\/a>\n\t\t\t\t<\/div>\n\t\t\t\t\t\t\t\t<\/div>\n\t\t\t\t<\/div>\n\t\t\t\t<div class=\"elementor-element elementor-element-4db872f elementor-widget elementor-widget-shortcode\" data-id=\"4db872f\" data-element_type=\"widget\" data-widget_type=\"shortcode.default\">\n\t\t\t\t<div class=\"elementor-widget-container\">\n\t\t\t\t\t\t\t<div class=\"elementor-shortcode\"><\/div>\n\t\t\t\t\t\t<\/div>\n\t\t\t\t<\/div>\n\t\t\t\t\t<\/div>\n\t\t<\/div>\n\t\t\t\t<div class=\"elementor-column elementor-col-66 elementor-top-column elementor-element elementor-element-846b699\" data-id=\"846b699\" data-element_type=\"column\">\n\t\t\t<div class=\"elementor-widget-wrap elementor-element-populated\">\n\t\t\t\t\t\t<div class=\"elementor-element elementor-element-c883558 elementor-align-center elementor-widget elementor-widget-button\" data-id=\"c883558\" data-element_type=\"widget\" data-widget_type=\"button.default\">\n\t\t\t\t<div class=\"elementor-widget-container\">\n\t\t\t\t\t\t\t\t\t<div class=\"elementor-button-wrapper\">\n\t\t\t\t\t<a class=\"elementor-button elementor-button-link elementor-size-sm\" href=\"https:\/\/mypass-evolution.fr\/#prestations\" target=\"_blank\">\n\t\t\t\t\t\t<span class=\"elementor-button-content-wrapper\">\n\t\t\t\t\t\t<span class=\"elementor-button-icon\">\n\t\t\t\t<i aria-hidden=\"true\" class=\"far fa-image\"><\/i>\t\t\t<\/span>\n\t\t\t\t\t\t\t\t\t<span class=\"elementor-button-text\">Site web<\/span>\n\t\t\t\t\t<\/span>\n\t\t\t\t\t<\/a>\n\t\t\t\t<\/div>\n\t\t\t\t\t\t\t\t<\/div>\n\t\t\t\t<\/div>\n\t\t\t\t<div class=\"elementor-element elementor-element-d5fbaef elementor-widget elementor-widget-text-editor\" data-id=\"d5fbaef\" data-element_type=\"widget\" data-widget_type=\"text-editor.default\">\n\t\t\t\t<div class=\"elementor-widget-container\">\n\t\t\t\t\t\t\t\t\t<p><strong>Je suis en mesure de vous accompagner selon vos besoins via :<\/strong><\/p><ul><li><strong>le coaching :<\/strong> vous \u00eates l\u2019expert.e de votre vie et gr\u00e2ce au processus et aux questions, le coach favorise vos prises de conscience, le recul n\u00e9cessaires par rapport \u00e0 une situation que vous souhaitez mieux comprendre, clarifi\u00e9e ou am\u00e9liorer ; je vous aide \u00e0 vous engager dans des actions par rapport \u00e0 cette probl\u00e9matique sp\u00e9cifique qui vous pr\u00e9occupe, selon vos valeurs et vos motivations !<\/li><li><strong>les conseils en \u00e9volution professionnelle :<\/strong> de par mon expertise en transition professionnelle, je r\u00e9ponds \u00e0 vos questions li\u00e9es \u00e0 la formation, une recherche d\u2019emploi (CV, LM, entretien, r\u00e9seau) le ciblage de vos int\u00e9r\u00eats et motivations professionnelles ; conseils qui vont vous \u00e9quiper et vous aider \u00e0 vous engager dans votre prochaine \u00e9tape de carri\u00e8re.<\/li><\/ul><p>Je r\u00e9alise \u00e9galement d\u2019autres accompagnements tels le bilan de comp\u00e9tences, des bilans de carri\u00e8re, des cours sur les soft skills et autres formations. Mon parcours \u00e9clectique et mes accompagnements m\u2019ont permis de d\u00e9velopper la connaissance des enjeux de nombreux secteurs (de la sant\u00e9 \u00e0 l\u2019industrie \u2026 en passant par le social, la solidarit\u00e9 et le num\u00e9rique !) ainsi que des comp\u00e9tences que je mets au service des personnes pour avancer dans leur carri\u00e8re professionnelle.<\/p><p>Titulaire d\u2019un master 2 en psychologie du travail et b\u00e9n\u00e9ficiant de 15 ans d\u2019exp\u00e9rience dans les RH, je suis \u00e9galement form\u00e9e au coaching (certificats de coaching, engag\u00e9e dans le processus de certification ICF).<\/p>\t\t\t\t\t\t\t\t<\/div>\n\t\t\t\t<\/div>\n\t\t\t\t<div class=\"elementor-element elementor-element-cad3a20 elementor-widget elementor-widget-spacer\" data-id=\"cad3a20\" data-element_type=\"widget\" data-widget_type=\"spacer.default\">\n\t\t\t\t<div class=\"elementor-widget-container\">\n\t\t\t\t\t\t\t<div class=\"elementor-spacer\">\n\t\t\t<div class=\"elementor-spacer-inner\"><\/div>\n\t\t<\/div>\n\t\t\t\t\t\t<\/div>\n\t\t\t\t<\/div>\n\t\t\t\t\t<\/div>\n\t\t<\/div>\n\t\t\t\t\t<\/div>\n\t\t<\/section>\n\t\t\t\t<\/div>\n\t\t","protected":false},"excerpt":{"rendered":"<p>\u00ab\u00a0Je souhaite aider chacun, chacune \u00e0 faire les bons choix pour s\u2019\u00e9panouir et d\u00e9velopper son potentiel d\u2019\u00e9volution ! \u00bb Coach et Conseill\u00e8re en bilans de comp\u00e9tences et en \u00e9volution professionnelle, [&hellip;]<\/p>\n","protected":false},"author":14333,"featured_media":0,"parent":579,"menu_order":0,"comment_status":"closed","ping_status":"closed","template":"","meta":{"site-sidebar-layout":"default","site-content-layout":"default","ast-site-content-layout":"default","site-content-style":"default","site-sidebar-style":"default","ast-global-header-display":"","ast-banner-title-visibility":"","ast-main-header-display":"","ast-hfb-above-header-display":"","ast-hfb-below-header-display":"","ast-hfb-mobile-header-display":"","site-post-title":"","ast-breadcrumbs-content":"","ast-featured-img":"disabled","footer-sml-layout":"","ast-disable-related-posts":"","theme-transparent-header-meta":"default","adv-header-id-meta":"","stick-header-meta":"","header-above-stick-meta":"","header-main-stick-meta":"","header-below-stick-meta":"","astra-migrate-meta-layouts":"set","ast-page-background-enabled":"default","ast-page-background-meta":{"desktop":{"background-color":"","background-image":"","background-repeat":"repeat","background-position":"center center","background-size":"auto","background-attachment":"scroll","background-type":"","background-media":"","overlay-type":"","overlay-color":"","overlay-opacity":"","overlay-gradient":""},"tablet":{"background-color":"","background-image":"","background-repeat":"repeat","background-position":"center center","background-size":"auto","background-attachment":"scroll","background-type":"","background-media":"","overlay-type":"","overlay-color":"","overlay-opacity":"","overlay-gradient":""},"mobile":{"background-color":"","background-image":"","background-repeat":"repeat","background-position":"center center","background-size":"auto","background-attachment":"scroll","background-type":"","background-media":"","overlay-type":"","overlay-color":"","overlay-opacity":"","overlay-gradient":""}},"ast-content-background-meta":{"desktop":{"background-color":"var(--ast-global-color-5)","background-image":"","background-repeat":"repeat","background-position":"center center","background-size":"auto","background-attachment":"scroll","background-type":"","background-media":"","overlay-type":"","overlay-color":"","overlay-opacity":"","overlay-gradient":""},"tablet":{"background-color":"var(--ast-global-color-5)","background-image":"","background-repeat":"repeat","background-position":"center center","background-size":"auto","background-attachment":"scroll","background-type":"","background-media":"","overlay-type":"","overlay-color":"","overlay-opacity":"","overlay-gradient":""},"mobile":{"background-color":"var(--ast-global-color-5)","background-image":"","background-repeat":"repeat","background-position":"center center","background-size":"auto","background-attachment":"scroll","background-type":"","background-media":"","overlay-type":"","overlay-color":"","overlay-opacity":"","overlay-gradient":""}},"footnotes":""},"class_list":["post-13829","page","type-page","status-publish","hentry"],"yoast_head":"<!-- This site is optimized with the Yoast SEO plugin v26.7 - https:\/\/yoast.com\/wordpress\/plugins\/seo\/ -->\n<title>Fabienne Ruch-Goron - C-PROACTIF<\/title>\n<meta name=\"robots\" content=\"noindex, follow, max-snippet:-1, max-image-preview:large, max-video-preview:-1\" \/>\n<meta property=\"og:locale\" content=\"fr_FR\" \/>\n<meta property=\"og:type\" content=\"article\" \/>\n<meta property=\"og:title\" content=\"Fabienne Ruch-Goron - C-PROACTIF\" \/>\n<meta property=\"og:description\" content=\"\u00ab\u00a0Je souhaite aider chacun, chacune \u00e0 faire les bons choix pour s\u2019\u00e9panouir et d\u00e9velopper son potentiel d\u2019\u00e9volution ! \u00bb Coach et Conseill\u00e8re en bilans de comp\u00e9tences et en \u00e9volution professionnelle, [&hellip;]\" \/>\n<meta property=\"og:url\" content=\"https:\/\/wp-sites.ccci.org\/c-proactif\/coaching-individuel\/coach-fabiennerg\/\" \/>\n<meta property=\"og:site_name\" content=\"C-PROACTIF\" \/>\n<meta property=\"article:modified_time\" content=\"2024-02-21T14:48:28+00:00\" \/>\n<meta property=\"og:image\" content=\"https:\/\/c-proactif.org\/wp-content\/uploads\/sites\/393\/2024\/02\/Fabienne_GORON_MYPASSEVOLUTION-scaled.jpg\" \/>\n<meta name=\"twitter:card\" content=\"summary_large_image\" \/>\n<meta name=\"twitter:label1\" content=\"Dur\u00e9e de lecture estim\u00e9e\" \/>\n\t<meta name=\"twitter:data1\" content=\"2 minutes\" \/>\n<script type=\"application\/ld+json\" class=\"yoast-schema-graph\">{\"@context\":\"https:\/\/schema.org\",\"@graph\":[{\"@type\":\"WebPage\",\"@id\":\"https:\/\/wp-sites.ccci.org\/c-proactif\/coaching-individuel\/coach-fabiennerg\/\",\"url\":\"https:\/\/wp-sites.ccci.org\/c-proactif\/coaching-individuel\/coach-fabiennerg\/\",\"name\":\"Fabienne Ruch-Goron - C-PROACTIF\",\"isPartOf\":{\"@id\":\"https:\/\/wp-sites.ccci.org\/c-proactif\/#website\"},\"primaryImageOfPage\":{\"@id\":\"https:\/\/wp-sites.ccci.org\/c-proactif\/coaching-individuel\/coach-fabiennerg\/#primaryimage\"},\"image\":{\"@id\":\"https:\/\/wp-sites.ccci.org\/c-proactif\/coaching-individuel\/coach-fabiennerg\/#primaryimage\"},\"thumbnailUrl\":\"https:\/\/c-proactif.org\/wp-content\/uploads\/sites\/393\/2024\/02\/Fabienne_GORON_MYPASSEVOLUTION-scaled.jpg\",\"datePublished\":\"2023-08-03T15:50:32+00:00\",\"dateModified\":\"2024-02-21T14:48:28+00:00\",\"breadcrumb\":{\"@id\":\"https:\/\/wp-sites.ccci.org\/c-proactif\/coaching-individuel\/coach-fabiennerg\/#breadcrumb\"},\"inLanguage\":\"fr-FR\",\"potentialAction\":[{\"@type\":\"ReadAction\",\"target\":[\"https:\/\/wp-sites.ccci.org\/c-proactif\/coaching-individuel\/coach-fabiennerg\/\"]}]},{\"@type\":\"ImageObject\",\"inLanguage\":\"fr-FR\",\"@id\":\"https:\/\/wp-sites.ccci.org\/c-proactif\/coaching-individuel\/coach-fabiennerg\/#primaryimage\",\"url\":\"https:\/\/c-proactif.org\/wp-content\/uploads\/sites\/393\/2024\/02\/Fabienne_GORON_MYPASSEVOLUTION-scaled.jpg\",\"contentUrl\":\"https:\/\/c-proactif.org\/wp-content\/uploads\/sites\/393\/2024\/02\/Fabienne_GORON_MYPASSEVOLUTION-scaled.jpg\"},{\"@type\":\"BreadcrumbList\",\"@id\":\"https:\/\/wp-sites.ccci.org\/c-proactif\/coaching-individuel\/coach-fabiennerg\/#breadcrumb\",\"itemListElement\":[{\"@type\":\"ListItem\",\"position\":1,\"name\":\"Accueil\",\"item\":\"https:\/\/wp-sites.ccci.org\/c-proactif\/\"},{\"@type\":\"ListItem\",\"position\":2,\"name\":\"Coaching individuel\",\"item\":\"https:\/\/wp-sites.ccci.org\/c-proactif\/coaching-individuel\/\"},{\"@type\":\"ListItem\",\"position\":3,\"name\":\"Fabienne Ruch-Goron\"}]},{\"@type\":\"WebSite\",\"@id\":\"https:\/\/wp-sites.ccci.org\/c-proactif\/#website\",\"url\":\"https:\/\/wp-sites.ccci.org\/c-proactif\/\",\"name\":\"C-PROACTIF\",\"description\":\"R\u00e9seau professionnel chr\u00e9tien\",\"publisher\":{\"@id\":\"https:\/\/wp-sites.ccci.org\/c-proactif\/#organization\"},\"potentialAction\":[{\"@type\":\"SearchAction\",\"target\":{\"@type\":\"EntryPoint\",\"urlTemplate\":\"https:\/\/wp-sites.ccci.org\/c-proactif\/?s={search_term_string}\"},\"query-input\":{\"@type\":\"PropertyValueSpecification\",\"valueRequired\":true,\"valueName\":\"search_term_string\"}}],\"inLanguage\":\"fr-FR\"},{\"@type\":\"Organization\",\"@id\":\"https:\/\/wp-sites.ccci.org\/c-proactif\/#organization\",\"name\":\"C-PROACTIF\",\"url\":\"https:\/\/wp-sites.ccci.org\/c-proactif\/\",\"logo\":{\"@type\":\"ImageObject\",\"inLanguage\":\"fr-FR\",\"@id\":\"https:\/\/wp-sites.ccci.org\/c-proactif\/#\/schema\/logo\/image\/\",\"url\":\"https:\/\/wp-sites.ccci.org\/c-proactif\/wp-content\/uploads\/sites\/393\/2021\/05\/logo-baseline-blanc-300.png\",\"contentUrl\":\"https:\/\/wp-sites.ccci.org\/c-proactif\/wp-content\/uploads\/sites\/393\/2021\/05\/logo-baseline-blanc-300.png\",\"width\":300,\"height\":113,\"caption\":\"C-PROACTIF\"},\"image\":{\"@id\":\"https:\/\/wp-sites.ccci.org\/c-proactif\/#\/schema\/logo\/image\/\"}}]}<\/script>\n<!-- \/ Yoast SEO plugin. -->","yoast_head_json":{"title":"Fabienne Ruch-Goron - C-PROACTIF","robots":{"index":"noindex","follow":"follow","max-snippet":"max-snippet:-1","max-image-preview":"max-image-preview:large","max-video-preview":"max-video-preview:-1"},"og_locale":"fr_FR","og_type":"article","og_title":"Fabienne Ruch-Goron - C-PROACTIF","og_description":"\u00ab\u00a0Je souhaite aider chacun, chacune \u00e0 faire les bons choix pour s\u2019\u00e9panouir et d\u00e9velopper son potentiel d\u2019\u00e9volution ! \u00bb Coach et Conseill\u00e8re en bilans de comp\u00e9tences et en \u00e9volution professionnelle, [&hellip;]","og_url":"https:\/\/wp-sites.ccci.org\/c-proactif\/coaching-individuel\/coach-fabiennerg\/","og_site_name":"C-PROACTIF","article_modified_time":"2024-02-21T14:48:28+00:00","og_image":[{"url":"https:\/\/c-proactif.org\/wp-content\/uploads\/sites\/393\/2024\/02\/Fabienne_GORON_MYPASSEVOLUTION-scaled.jpg","type":"","width":"","height":""}],"twitter_card":"summary_large_image","twitter_misc":{"Dur\u00e9e de lecture estim\u00e9e":"2 minutes"},"schema":{"@context":"https:\/\/schema.org","@graph":[{"@type":"WebPage","@id":"https:\/\/wp-sites.ccci.org\/c-proactif\/coaching-individuel\/coach-fabiennerg\/","url":"https:\/\/wp-sites.ccci.org\/c-proactif\/coaching-individuel\/coach-fabiennerg\/","name":"Fabienne Ruch-Goron - C-PROACTIF","isPartOf":{"@id":"https:\/\/wp-sites.ccci.org\/c-proactif\/#website"},"primaryImageOfPage":{"@id":"https:\/\/wp-sites.ccci.org\/c-proactif\/coaching-individuel\/coach-fabiennerg\/#primaryimage"},"image":{"@id":"https:\/\/wp-sites.ccci.org\/c-proactif\/coaching-individuel\/coach-fabiennerg\/#primaryimage"},"thumbnailUrl":"https:\/\/c-proactif.org\/wp-content\/uploads\/sites\/393\/2024\/02\/Fabienne_GORON_MYPASSEVOLUTION-scaled.jpg","datePublished":"2023-08-03T15:50:32+00:00","dateModified":"2024-02-21T14:48:28+00:00","breadcrumb":{"@id":"https:\/\/wp-sites.ccci.org\/c-proactif\/coaching-individuel\/coach-fabiennerg\/#breadcrumb"},"inLanguage":"fr-FR","potentialAction":[{"@type":"ReadAction","target":["https:\/\/wp-sites.ccci.org\/c-proactif\/coaching-individuel\/coach-fabiennerg\/"]}]},{"@type":"ImageObject","inLanguage":"fr-FR","@id":"https:\/\/wp-sites.ccci.org\/c-proactif\/coaching-individuel\/coach-fabiennerg\/#primaryimage","url":"https:\/\/c-proactif.org\/wp-content\/uploads\/sites\/393\/2024\/02\/Fabienne_GORON_MYPASSEVOLUTION-scaled.jpg","contentUrl":"https:\/\/c-proactif.org\/wp-content\/uploads\/sites\/393\/2024\/02\/Fabienne_GORON_MYPASSEVOLUTION-scaled.jpg"},{"@type":"BreadcrumbList","@id":"https:\/\/wp-sites.ccci.org\/c-proactif\/coaching-individuel\/coach-fabiennerg\/#breadcrumb","itemListElement":[{"@type":"ListItem","position":1,"name":"Accueil","item":"https:\/\/wp-sites.ccci.org\/c-proactif\/"},{"@type":"ListItem","position":2,"name":"Coaching individuel","item":"https:\/\/wp-sites.ccci.org\/c-proactif\/coaching-individuel\/"},{"@type":"ListItem","position":3,"name":"Fabienne Ruch-Goron"}]},{"@type":"WebSite","@id":"https:\/\/wp-sites.ccci.org\/c-proactif\/#website","url":"https:\/\/wp-sites.ccci.org\/c-proactif\/","name":"C-PROACTIF","description":"R\u00e9seau professionnel chr\u00e9tien","publisher":{"@id":"https:\/\/wp-sites.ccci.org\/c-proactif\/#organization"},"potentialAction":[{"@type":"SearchAction","target":{"@type":"EntryPoint","urlTemplate":"https:\/\/wp-sites.ccci.org\/c-proactif\/?s={search_term_string}"},"query-input":{"@type":"PropertyValueSpecification","valueRequired":true,"valueName":"search_term_string"}}],"inLanguage":"fr-FR"},{"@type":"Organization","@id":"https:\/\/wp-sites.ccci.org\/c-proactif\/#organization","name":"C-PROACTIF","url":"https:\/\/wp-sites.ccci.org\/c-proactif\/","logo":{"@type":"ImageObject","inLanguage":"fr-FR","@id":"https:\/\/wp-sites.ccci.org\/c-proactif\/#\/schema\/logo\/image\/","url":"https:\/\/wp-sites.ccci.org\/c-proactif\/wp-content\/uploads\/sites\/393\/2021\/05\/logo-baseline-blanc-300.png","contentUrl":"https:\/\/wp-sites.ccci.org\/c-proactif\/wp-content\/uploads\/sites\/393\/2021\/05\/logo-baseline-blanc-300.png","width":300,"height":113,"caption":"C-PROACTIF"},"image":{"@id":"https:\/\/wp-sites.ccci.org\/c-proactif\/#\/schema\/logo\/image\/"}}]}},"meta_box":[],"_links":{"self":[{"href":"https:\/\/wp-sites.ccci.org\/c-proactif\/wp-json\/wp\/v2\/pages\/13829","targetHints":{"allow":["GET"]}}],"collection":[{"href":"https:\/\/wp-sites.ccci.org\/c-proactif\/wp-json\/wp\/v2\/pages"}],"about":[{"href":"https:\/\/wp-sites.ccci.org\/c-proactif\/wp-json\/wp\/v2\/types\/page"}],"author":[{"embeddable":true,"href":"https:\/\/wp-sites.ccci.org\/c-proactif\/wp-json\/wp\/v2\/users\/14333"}],"replies":[{"embeddable":true,"href":"https:\/\/wp-sites.ccci.org\/c-proactif\/wp-json\/wp\/v2\/comments?post=13829"}],"version-history":[{"count":46,"href":"https:\/\/wp-sites.ccci.org\/c-proactif\/wp-json\/wp\/v2\/pages\/13829\/revisions"}],"predecessor-version":[{"id":15063,"href":"https:\/\/wp-sites.ccci.org\/c-proactif\/wp-json\/wp\/v2\/pages\/13829\/revisions\/15063"}],"up":[{"embeddable":true,"href":"https:\/\/wp-sites.ccci.org\/c-proactif\/wp-json\/wp\/v2\/pages\/579"}],"wp:attachment":[{"href":"https:\/\/wp-sites.ccci.org\/c-proactif\/wp-json\/wp\/v2\/media?parent=13829"}],"curies":[{"name":"wp","href":"https:\/\/api.w.org\/{rel}","templated":true}]}}