{"id":15,"date":"2019-04-29T11:15:38","date_gmt":"2019-04-29T09:15:38","guid":{"rendered":"http:\/\/test.c-proactif.org\/?page_id=2"},"modified":"2025-06-17T15:54:07","modified_gmt":"2025-06-17T13:54:07","slug":"mentions-legales","status":"publish","type":"page","link":"https:\/\/wp-sites.ccci.org\/c-proactif\/mentions-legales\/","title":{"rendered":"Mentions l\u00e9gales"},"content":{"rendered":"\t\t<div data-elementor-type=\"wp-page\" data-elementor-id=\"15\" class=\"elementor elementor-15\" data-elementor-post-type=\"page\">\n\t\t\t\t\t\t<section data-particle_enable=\"false\" data-particle-mobile-disabled=\"false\" class=\"elementor-section elementor-top-section elementor-element elementor-element-6b166d23 elementor-section-boxed elementor-section-height-default elementor-section-height-default\" data-id=\"6b166d23\" data-element_type=\"section\">\n\t\t\t\t\t\t<div class=\"elementor-container elementor-column-gap-default\">\n\t\t\t\t\t<div class=\"elementor-column elementor-col-100 elementor-top-column elementor-element elementor-element-92c6177\" data-id=\"92c6177\" data-element_type=\"column\">\n\t\t\t<div class=\"elementor-widget-wrap elementor-element-populated\">\n\t\t\t\t\t\t<div class=\"elementor-element elementor-element-5ce74526 elementor-widget elementor-widget-text-editor\" data-id=\"5ce74526\" data-element_type=\"widget\" data-widget_type=\"text-editor.default\">\n\t\t\t\t<div class=\"elementor-widget-container\">\n\t\t\t\t\t\t\t\t\t<h2>\u00c9diteur<\/h2><p>Ce site c-proactif.org est \u00e9dit\u00e9 par le projet C-PROACTIF, un projet d\u2019Agap\u00e9 France, association cultuelle selon la loi de 1905.<\/p><p>Adresse : B.P. 29, 77831 OZOIR LA FERRIERE cedex\u00a0 \u2013 T\u00e9l\u00e9phone : 01 60 02 55 56<\/p><p>Num\u00e9ros de SIRET :<\/p><ul><li>Activit\u00e9s administratives : 775 763 402 00044<\/li><li>Activit\u00e9s de minist\u00e8res : 775 763 402 00051<\/li><\/ul><p>Directeur de la publication : Jean-Fran\u00e7ois LE TENO en qualit\u00e9 de pr\u00e9sident d\u2019Agap\u00e9 France.<br \/>Directeur et responsable de la publication : Anne-Marie HUSSON.<br \/>Pour toute question ou remarque sur ce site et son contenu, veuillez nous contacter via la\u00a0<a href=\"https:\/\/www.c-proactif.org\/nous-contacter\/\">page de contact<\/a>.<\/p><h2>H\u00e9bergement<\/h2><p>Ce site est h\u00e9berg\u00e9 par WordPress VIP.<\/p><p>WPVIP Inc.<br \/>60 29th Street #343<br \/>San Francisco, CA 94110<\/p><h2>Limitation de la responsabilit\u00e9<\/h2><p>Le projet C-PROACTIF, pour le compte d\u2019Agap\u00e9 France alimente ce site en vue d\u2019informer ses membres et toute personne int\u00e9ress\u00e9e par les activit\u00e9s de l\u2019association et par la foi chr\u00e9tienne en g\u00e9n\u00e9ral.<\/p><p>Son objectif est de diffuser des informations actualis\u00e9es et correctes. Nous nous effor\u00e7ons de corriger les erreurs qui nous sont signal\u00e9es. Toutefois, les informations diffus\u00e9es sur ce site ne sauraient engager la responsabilit\u00e9 d\u2019Agap\u00e9 France. Agap\u00e9 France d\u00e9cline toute responsabilit\u00e9 pour l\u2019utilisation des informations contenues dans les pages publi\u00e9es sur ce site. Le contenu est donn\u00e9 \u00e0 titre indicatif.<\/p><p>Le site peut renvoyer \u00e0 des sites ext\u00e9rieurs sur lesquels Agap\u00e9 France n\u2019a aucun contr\u00f4le et pour lesquels Agap\u00e9 France ne peut \u00eatre tenue pour responsable.<\/p><p>Agap\u00e9 France n\u2019assume aucune responsabilit\u00e9 pour un dommage \u00e9ventuel caus\u00e9 \u00e0 votre installation informatique par l\u2019utilisation de ce site. Agap\u00e9 France d\u00e9cline toute responsabilit\u00e9 en cas d\u2019interruption, m\u00eame temporaire, du service de ce site.<\/p><h2>Cookies<\/h2><p>Cliquez pour consulter la\u00a0<a href=\"https:\/\/wp-sites.ccci.org\/c-proactif\/\/politique-des-cookies\/\" target=\"_blank\" rel=\"noopener\">liste de cookies<\/a>\u00a0utilis\u00e9s sur ce site.<\/p><h2>Donn\u00e9es personnelles<\/h2><p>Les utilisateurs du pr\u00e9sent site sont tenus de respecter les dispositions de la loi relative \u00e0 l\u2019Informatique, aux fichiers et aux libert\u00e9s, dont la violation est passible de sanctions p\u00e9nales.<\/p><p>Ils doivent notamment s\u2019abstenir, s\u2019agissant des informations nominatives auxquelles ils peuvent acc\u00e9der,\u00a0<strong>de toute collecte, de toute utilisation d\u00e9tourn\u00e9e, et d\u2019une mani\u00e8re g\u00e9n\u00e9rale, de tout acte susceptible de porter atteinte \u00e0 la vie priv\u00e9e ou \u00e0 la r\u00e9putation des personnes.<\/strong><\/p><p>Lorsque vous nous contactez, les informations vous concernant, recueillies par C-PROACTIF, sont n\u00e9cessaires pour r\u00e9pondre \u00e0 votre demande. Elles font l\u2019objet d\u2019un traitement informatique et sont destin\u00e9es au secr\u00e9tariat de l\u2019association Agap\u00e9 France. Conform\u00e9ment \u00e0 la loi \u00ab informatique et libert\u00e9s \u00bb du 6 janvier 1978 modifi\u00e9e, vous pouvez acc\u00e9der aux donn\u00e9es vous concernant ou demander leur effacement. Vous disposez \u00e9galement d\u2019un droit d\u2019opposition, d\u2019un droit de rectification et d\u2019un droit \u00e0 la limitation du traitement de vos donn\u00e9es aupr\u00e8s du service administratif d\u2019Agap\u00e9 France en nous contactant \u00e0\u00a0\u00a0info@agapefrance.org. Vous pouvez consulter notre politique de\u00a0<a href=\"https:\/\/www.agapefrance.org\/mentionslegales\/protectiondesdonneespersonnelles\" target=\"_blank\" rel=\"noopener\">protection des donn\u00e9es personnelles<\/a>.<\/p><h2>Propri\u00e9t\u00e9 intellectuelle<\/h2><p>Tous droits r\u00e9serv\u00e9s \u00a9 Agap\u00e9 France \/ C-PROACTIF<\/p><p>Toute reproduction est interdite sans autorisation. Tous les textes, photos, vid\u00e9os et autres \u00e9l\u00e9ments reproduits sur ce site sont prot\u00e9g\u00e9s par le droit d\u2019auteur selon les r\u00e8gles de droit fran\u00e7ais et international.<\/p><p>Les ressources d\u2019enseignement disponibles sur ce site font l\u2019objet d\u2019une protection sp\u00e9cifique Creative Commons :<\/p><figure id=\"attachment_7506\" aria-describedby=\"caption-attachment-7506\" style=\"width: 300px\" class=\"wp-caption aligncenter\"><img decoding=\"async\" class=\"wp-image-7506 size-medium\" src=\"https:\/\/wp-sites.ccci.org\/c-proactif\/\/wp-content\/uploads\/sites\/393\/2021\/08\/creative-commons-300x51.png\" alt=\"\" width=\"300\" height=\"51\" \/><figcaption id=\"caption-attachment-7506\" class=\"wp-caption-text\">Ressources en licence Creative Commons<\/figcaption><\/figure><p>Si vous constatez qu\u2019une image ou une information publi\u00e9e sur ce site n\u2019est pas libre de droits ou si vous souhaitez que nous retirions une image ou une information qui aurait \u00e9t\u00e9 publi\u00e9e sans votre accord, veuillez nous en informer\u00a0via la\u00a0<a href=\"https:\/\/www.c-proactif.org\/nous-contacter\/\">page de contact<\/a>\u00a0en indiquant votre nom, le lien vers la page o\u00f9 l\u2019\u00e9l\u00e9ment appara\u00eet et une description br\u00e8ve de mani\u00e8re \u00e0 ce que nous puissions modifier les pages concern\u00e9es au plus vite.<\/p>\t\t\t\t\t\t\t\t<\/div>\n\t\t\t\t<\/div>\n\t\t\t\t\t<\/div>\n\t\t<\/div>\n\t\t\t\t\t<\/div>\n\t\t<\/section>\n\t\t\t\t<\/div>\n\t\t","protected":false},"excerpt":{"rendered":"<p>\u00c9diteur Ce site c-proactif.org est \u00e9dit\u00e9 par le projet C-PROACTIF, un projet d\u2019Agap\u00e9 France, association cultuelle selon la loi de 1905. Adresse : B.P. 29, 77831 OZOIR LA FERRIERE cedex\u00a0 [&hellip;]<\/p>\n","protected":false},"author":14333,"featured_media":0,"parent":0,"menu_order":0,"comment_status":"closed","ping_status":"open","template":"","meta":{"site-sidebar-layout":"default","site-content-layout":"default","ast-site-content-layout":"default","site-content-style":"default","site-sidebar-style":"default","ast-global-header-display":"","ast-banner-title-visibility":"","ast-main-header-display":"","ast-hfb-above-header-display":"","ast-hfb-below-header-display":"","ast-hfb-mobile-header-display":"","site-post-title":"","ast-breadcrumbs-content":"","ast-featured-img":"disabled","footer-sml-layout":"","ast-disable-related-posts":"","theme-transparent-header-meta":"default","adv-header-id-meta":"","stick-header-meta":"","header-above-stick-meta":"","header-main-stick-meta":"","header-below-stick-meta":"","astra-migrate-meta-layouts":"default","ast-page-background-enabled":"default","ast-page-background-meta":{"desktop":{"background-color":"","background-image":"","background-repeat":"repeat","background-position":"center center","background-size":"auto","background-attachment":"scroll","background-type":"","background-media":"","overlay-type":"","overlay-color":"","overlay-opacity":"","overlay-gradient":""},"tablet":{"background-color":"","background-image":"","background-repeat":"repeat","background-position":"center center","background-size":"auto","background-attachment":"scroll","background-type":"","background-media":"","overlay-type":"","overlay-color":"","overlay-opacity":"","overlay-gradient":""},"mobile":{"background-color":"","background-image":"","background-repeat":"repeat","background-position":"center center","background-size":"auto","background-attachment":"scroll","background-type":"","background-media":"","overlay-type":"","overlay-color":"","overlay-opacity":"","overlay-gradient":""}},"ast-content-background-meta":{"desktop":{"background-color":"var(--ast-global-color-5)","background-image":"","background-repeat":"repeat","background-position":"center center","background-size":"auto","background-attachment":"scroll","background-type":"","background-media":"","overlay-type":"","overlay-color":"","overlay-opacity":"","overlay-gradient":""},"tablet":{"background-color":"var(--ast-global-color-5)","background-image":"","background-repeat":"repeat","background-position":"center center","background-size":"auto","background-attachment":"scroll","background-type":"","background-media":"","overlay-type":"","overlay-color":"","overlay-opacity":"","overlay-gradient":""},"mobile":{"background-color":"var(--ast-global-color-5)","background-image":"","background-repeat":"repeat","background-position":"center center","background-size":"auto","background-attachment":"scroll","background-type":"","background-media":"","overlay-type":"","overlay-color":"","overlay-opacity":"","overlay-gradient":""}},"footnotes":""},"class_list":["post-15","page","type-page","status-publish","hentry"],"yoast_head":"<!-- This site is optimized with the Yoast SEO plugin v26.7 - https:\/\/yoast.com\/wordpress\/plugins\/seo\/ -->\n<title>Mentions l\u00e9gales - C-PROACTIF<\/title>\n<meta name=\"robots\" content=\"noindex, follow, max-snippet:-1, max-image-preview:large, max-video-preview:-1\" \/>\n<meta property=\"og:locale\" content=\"fr_FR\" \/>\n<meta property=\"og:type\" content=\"article\" \/>\n<meta property=\"og:title\" content=\"Mentions l\u00e9gales - C-PROACTIF\" \/>\n<meta property=\"og:description\" content=\"\u00c9diteur Ce site c-proactif.org est \u00e9dit\u00e9 par le projet C-PROACTIF, un projet d\u2019Agap\u00e9 France, association cultuelle selon la loi de 1905. Adresse : B.P. 29, 77831 OZOIR LA FERRIERE cedex\u00a0 [&hellip;]\" \/>\n<meta property=\"og:url\" content=\"https:\/\/wp-sites.ccci.org\/c-proactif\/mentions-legales\/\" \/>\n<meta property=\"og:site_name\" content=\"C-PROACTIF\" \/>\n<meta property=\"article:modified_time\" content=\"2025-06-17T13:54:07+00:00\" \/>\n<meta property=\"og:image\" content=\"https:\/\/c-proactif.org\/wp-content\/uploads\/sites\/393\/2021\/08\/creative-commons-300x51.png\" \/>\n<meta name=\"twitter:card\" content=\"summary_large_image\" \/>\n<meta name=\"twitter:label1\" content=\"Dur\u00e9e de lecture estim\u00e9e\" \/>\n\t<meta name=\"twitter:data1\" content=\"4 minutes\" \/>\n<script type=\"application\/ld+json\" class=\"yoast-schema-graph\">{\"@context\":\"https:\/\/schema.org\",\"@graph\":[{\"@type\":\"WebPage\",\"@id\":\"https:\/\/wp-sites.ccci.org\/c-proactif\/mentions-legales\/\",\"url\":\"https:\/\/wp-sites.ccci.org\/c-proactif\/mentions-legales\/\",\"name\":\"Mentions l\u00e9gales - C-PROACTIF\",\"isPartOf\":{\"@id\":\"https:\/\/wp-sites.ccci.org\/c-proactif\/#website\"},\"primaryImageOfPage\":{\"@id\":\"https:\/\/wp-sites.ccci.org\/c-proactif\/mentions-legales\/#primaryimage\"},\"image\":{\"@id\":\"https:\/\/wp-sites.ccci.org\/c-proactif\/mentions-legales\/#primaryimage\"},\"thumbnailUrl\":\"https:\/\/c-proactif.org\/wp-content\/uploads\/sites\/393\/2021\/08\/creative-commons-300x51.png\",\"datePublished\":\"2019-04-29T09:15:38+00:00\",\"dateModified\":\"2025-06-17T13:54:07+00:00\",\"breadcrumb\":{\"@id\":\"https:\/\/wp-sites.ccci.org\/c-proactif\/mentions-legales\/#breadcrumb\"},\"inLanguage\":\"fr-FR\",\"potentialAction\":[{\"@type\":\"ReadAction\",\"target\":[\"https:\/\/wp-sites.ccci.org\/c-proactif\/mentions-legales\/\"]}]},{\"@type\":\"ImageObject\",\"inLanguage\":\"fr-FR\",\"@id\":\"https:\/\/wp-sites.ccci.org\/c-proactif\/mentions-legales\/#primaryimage\",\"url\":\"https:\/\/c-proactif.org\/wp-content\/uploads\/sites\/393\/2021\/08\/creative-commons-300x51.png\",\"contentUrl\":\"https:\/\/c-proactif.org\/wp-content\/uploads\/sites\/393\/2021\/08\/creative-commons-300x51.png\"},{\"@type\":\"BreadcrumbList\",\"@id\":\"https:\/\/wp-sites.ccci.org\/c-proactif\/mentions-legales\/#breadcrumb\",\"itemListElement\":[{\"@type\":\"ListItem\",\"position\":1,\"name\":\"Accueil\",\"item\":\"https:\/\/wp-sites.ccci.org\/c-proactif\/\"},{\"@type\":\"ListItem\",\"position\":2,\"name\":\"Mentions l\u00e9gales\"}]},{\"@type\":\"WebSite\",\"@id\":\"https:\/\/wp-sites.ccci.org\/c-proactif\/#website\",\"url\":\"https:\/\/wp-sites.ccci.org\/c-proactif\/\",\"name\":\"C-PROACTIF\",\"description\":\"R\u00e9seau professionnel chr\u00e9tien\",\"publisher\":{\"@id\":\"https:\/\/wp-sites.ccci.org\/c-proactif\/#organization\"},\"potentialAction\":[{\"@type\":\"SearchAction\",\"target\":{\"@type\":\"EntryPoint\",\"urlTemplate\":\"https:\/\/wp-sites.ccci.org\/c-proactif\/?s={search_term_string}\"},\"query-input\":{\"@type\":\"PropertyValueSpecification\",\"valueRequired\":true,\"valueName\":\"search_term_string\"}}],\"inLanguage\":\"fr-FR\"},{\"@type\":\"Organization\",\"@id\":\"https:\/\/wp-sites.ccci.org\/c-proactif\/#organization\",\"name\":\"C-PROACTIF\",\"url\":\"https:\/\/wp-sites.ccci.org\/c-proactif\/\",\"logo\":{\"@type\":\"ImageObject\",\"inLanguage\":\"fr-FR\",\"@id\":\"https:\/\/wp-sites.ccci.org\/c-proactif\/#\/schema\/logo\/image\/\",\"url\":\"https:\/\/wp-sites.ccci.org\/c-proactif\/wp-content\/uploads\/sites\/393\/2021\/05\/logo-baseline-blanc-300.png\",\"contentUrl\":\"https:\/\/wp-sites.ccci.org\/c-proactif\/wp-content\/uploads\/sites\/393\/2021\/05\/logo-baseline-blanc-300.png\",\"width\":300,\"height\":113,\"caption\":\"C-PROACTIF\"},\"image\":{\"@id\":\"https:\/\/wp-sites.ccci.org\/c-proactif\/#\/schema\/logo\/image\/\"}}]}<\/script>\n<!-- \/ Yoast SEO plugin. -->","yoast_head_json":{"title":"Mentions l\u00e9gales - C-PROACTIF","robots":{"index":"noindex","follow":"follow","max-snippet":"max-snippet:-1","max-image-preview":"max-image-preview:large","max-video-preview":"max-video-preview:-1"},"og_locale":"fr_FR","og_type":"article","og_title":"Mentions l\u00e9gales - C-PROACTIF","og_description":"\u00c9diteur Ce site c-proactif.org est \u00e9dit\u00e9 par le projet C-PROACTIF, un projet d\u2019Agap\u00e9 France, association cultuelle selon la loi de 1905. Adresse : B.P. 29, 77831 OZOIR LA FERRIERE cedex\u00a0 [&hellip;]","og_url":"https:\/\/wp-sites.ccci.org\/c-proactif\/mentions-legales\/","og_site_name":"C-PROACTIF","article_modified_time":"2025-06-17T13:54:07+00:00","og_image":[{"url":"https:\/\/c-proactif.org\/wp-content\/uploads\/sites\/393\/2021\/08\/creative-commons-300x51.png","type":"","width":"","height":""}],"twitter_card":"summary_large_image","twitter_misc":{"Dur\u00e9e de lecture estim\u00e9e":"4 minutes"},"schema":{"@context":"https:\/\/schema.org","@graph":[{"@type":"WebPage","@id":"https:\/\/wp-sites.ccci.org\/c-proactif\/mentions-legales\/","url":"https:\/\/wp-sites.ccci.org\/c-proactif\/mentions-legales\/","name":"Mentions l\u00e9gales - C-PROACTIF","isPartOf":{"@id":"https:\/\/wp-sites.ccci.org\/c-proactif\/#website"},"primaryImageOfPage":{"@id":"https:\/\/wp-sites.ccci.org\/c-proactif\/mentions-legales\/#primaryimage"},"image":{"@id":"https:\/\/wp-sites.ccci.org\/c-proactif\/mentions-legales\/#primaryimage"},"thumbnailUrl":"https:\/\/c-proactif.org\/wp-content\/uploads\/sites\/393\/2021\/08\/creative-commons-300x51.png","datePublished":"2019-04-29T09:15:38+00:00","dateModified":"2025-06-17T13:54:07+00:00","breadcrumb":{"@id":"https:\/\/wp-sites.ccci.org\/c-proactif\/mentions-legales\/#breadcrumb"},"inLanguage":"fr-FR","potentialAction":[{"@type":"ReadAction","target":["https:\/\/wp-sites.ccci.org\/c-proactif\/mentions-legales\/"]}]},{"@type":"ImageObject","inLanguage":"fr-FR","@id":"https:\/\/wp-sites.ccci.org\/c-proactif\/mentions-legales\/#primaryimage","url":"https:\/\/c-proactif.org\/wp-content\/uploads\/sites\/393\/2021\/08\/creative-commons-300x51.png","contentUrl":"https:\/\/c-proactif.org\/wp-content\/uploads\/sites\/393\/2021\/08\/creative-commons-300x51.png"},{"@type":"BreadcrumbList","@id":"https:\/\/wp-sites.ccci.org\/c-proactif\/mentions-legales\/#breadcrumb","itemListElement":[{"@type":"ListItem","position":1,"name":"Accueil","item":"https:\/\/wp-sites.ccci.org\/c-proactif\/"},{"@type":"ListItem","position":2,"name":"Mentions l\u00e9gales"}]},{"@type":"WebSite","@id":"https:\/\/wp-sites.ccci.org\/c-proactif\/#website","url":"https:\/\/wp-sites.ccci.org\/c-proactif\/","name":"C-PROACTIF","description":"R\u00e9seau professionnel chr\u00e9tien","publisher":{"@id":"https:\/\/wp-sites.ccci.org\/c-proactif\/#organization"},"potentialAction":[{"@type":"SearchAction","target":{"@type":"EntryPoint","urlTemplate":"https:\/\/wp-sites.ccci.org\/c-proactif\/?s={search_term_string}"},"query-input":{"@type":"PropertyValueSpecification","valueRequired":true,"valueName":"search_term_string"}}],"inLanguage":"fr-FR"},{"@type":"Organization","@id":"https:\/\/wp-sites.ccci.org\/c-proactif\/#organization","name":"C-PROACTIF","url":"https:\/\/wp-sites.ccci.org\/c-proactif\/","logo":{"@type":"ImageObject","inLanguage":"fr-FR","@id":"https:\/\/wp-sites.ccci.org\/c-proactif\/#\/schema\/logo\/image\/","url":"https:\/\/wp-sites.ccci.org\/c-proactif\/wp-content\/uploads\/sites\/393\/2021\/05\/logo-baseline-blanc-300.png","contentUrl":"https:\/\/wp-sites.ccci.org\/c-proactif\/wp-content\/uploads\/sites\/393\/2021\/05\/logo-baseline-blanc-300.png","width":300,"height":113,"caption":"C-PROACTIF"},"image":{"@id":"https:\/\/wp-sites.ccci.org\/c-proactif\/#\/schema\/logo\/image\/"}}]}},"meta_box":[],"_links":{"self":[{"href":"https:\/\/wp-sites.ccci.org\/c-proactif\/wp-json\/wp\/v2\/pages\/15","targetHints":{"allow":["GET"]}}],"collection":[{"href":"https:\/\/wp-sites.ccci.org\/c-proactif\/wp-json\/wp\/v2\/pages"}],"about":[{"href":"https:\/\/wp-sites.ccci.org\/c-proactif\/wp-json\/wp\/v2\/types\/page"}],"author":[{"embeddable":true,"href":"https:\/\/wp-sites.ccci.org\/c-proactif\/wp-json\/wp\/v2\/users\/14333"}],"replies":[{"embeddable":true,"href":"https:\/\/wp-sites.ccci.org\/c-proactif\/wp-json\/wp\/v2\/comments?post=15"}],"version-history":[{"count":39,"href":"https:\/\/wp-sites.ccci.org\/c-proactif\/wp-json\/wp\/v2\/pages\/15\/revisions"}],"predecessor-version":[{"id":16548,"href":"https:\/\/wp-sites.ccci.org\/c-proactif\/wp-json\/wp\/v2\/pages\/15\/revisions\/16548"}],"wp:attachment":[{"href":"https:\/\/wp-sites.ccci.org\/c-proactif\/wp-json\/wp\/v2\/media?parent=15"}],"curies":[{"name":"wp","href":"https:\/\/api.w.org\/{rel}","templated":true}]}}