{"id":576,"date":"2019-07-16T12:40:35","date_gmt":"2019-07-16T10:40:35","guid":{"rendered":"https:\/\/test.c-proactif.org\/?page_id=576"},"modified":"2025-08-19T09:42:31","modified_gmt":"2025-08-19T07:42:31","slug":"formons-nous","status":"publish","type":"page","link":"https:\/\/wp-sites.ccci.org\/c-proactif\/formons-nous\/","title":{"rendered":"Formons-nous !"},"content":{"rendered":"\t\t<div data-elementor-type=\"wp-post\" data-elementor-id=\"576\" class=\"elementor elementor-576\" data-elementor-post-type=\"page\">\n\t\t\t\t\t\t<section data-particle_enable=\"false\" data-particle-mobile-disabled=\"false\" class=\"elementor-section elementor-top-section elementor-element elementor-element-71d90ab elementor-section-height-min-height elementor-section-boxed elementor-section-height-default elementor-section-items-middle\" data-id=\"71d90ab\" data-element_type=\"section\" data-settings=\"{&quot;background_background&quot;:&quot;classic&quot;}\">\n\t\t\t\t\t\t\t<div class=\"elementor-background-overlay\"><\/div>\n\t\t\t\t\t\t\t<div class=\"elementor-container elementor-column-gap-default\">\n\t\t\t\t\t<div class=\"elementor-column elementor-col-100 elementor-top-column elementor-element elementor-element-e5f3c44\" data-id=\"e5f3c44\" data-element_type=\"column\">\n\t\t\t<div class=\"elementor-widget-wrap elementor-element-populated\">\n\t\t\t\t\t\t<div class=\"elementor-element elementor-element-025bd49 elementor-widget elementor-widget-spacer\" data-id=\"025bd49\" data-element_type=\"widget\" data-widget_type=\"spacer.default\">\n\t\t\t\t<div class=\"elementor-widget-container\">\n\t\t\t\t\t\t\t<div class=\"elementor-spacer\">\n\t\t\t<div class=\"elementor-spacer-inner\"><\/div>\n\t\t<\/div>\n\t\t\t\t\t\t<\/div>\n\t\t\t\t<\/div>\n\t\t\t\t\t<\/div>\n\t\t<\/div>\n\t\t\t\t\t<\/div>\n\t\t<\/section>\n\t\t\t\t<section data-particle_enable=\"false\" data-particle-mobile-disabled=\"false\" class=\"elementor-section elementor-top-section elementor-element elementor-element-757dd65 elementor-section-boxed elementor-section-height-default elementor-section-height-default\" data-id=\"757dd65\" data-element_type=\"section\" data-settings=\"{&quot;background_background&quot;:&quot;classic&quot;}\">\n\t\t\t\t\t\t<div class=\"elementor-container elementor-column-gap-default\">\n\t\t\t\t\t<div class=\"elementor-column elementor-col-100 elementor-top-column elementor-element elementor-element-81896f5\" data-id=\"81896f5\" data-element_type=\"column\">\n\t\t\t<div class=\"elementor-widget-wrap elementor-element-populated\">\n\t\t\t\t\t\t<div class=\"elementor-element elementor-element-40e0557 elementor-widget elementor-widget-heading\" data-id=\"40e0557\" data-element_type=\"widget\" data-widget_type=\"heading.default\">\n\t\t\t\t<div class=\"elementor-widget-container\">\n\t\t\t\t\t<h2 class=\"elementor-heading-title elementor-size-default\">Se former, c\u2019est se laisser transformer !<\/h2>\t\t\t\t<\/div>\n\t\t\t\t<\/div>\n\t\t\t\t<div class=\"elementor-element elementor-element-f42b179 ul-space elementor-widget elementor-widget-text-editor\" data-id=\"f42b179\" data-element_type=\"widget\" data-widget_type=\"text-editor.default\">\n\t\t\t\t<div class=\"elementor-widget-container\">\n\t\t\t\t\t\t\t\t\t<h3>Te sens-tu suffisamment \u00e9quip\u00e9 pour vivre en chr\u00e9tien dans ta sph\u00e8re professionnelle ?<\/h3><p>Par exemple, es-tu \u00e0 l\u2019aise pour :<\/p><ul><li>Mettre en coh\u00e9rence les valeurs de l\u2019\u00c9vangile avec ton comportement au quotidien ?<\/li><li>Laisser percevoir \u00e0 tes coll\u00e8gues la pr\u00e9sence du Seigneur en toi ?<\/li><li>D\u00e9velopper des relations saines et constructives avec tes coll\u00e8gues ?<\/li><li>Faire savoir que tu es chr\u00e9tien\/ne ?<\/li><li>Discerner les bonnes d\u00e9cisions \u00e0 prendre pour le bien de ton \u00e9quipe ?<\/li><li>D\u00e9fendre la justice et installer un climat de paix ?<\/li><li>Parler en confiance de tes convictions d\u2019une fa\u00e7on douce mais qui interpelle ?<\/li><li>\u2026.<\/li><\/ul><p><strong>Le Seigneur a besoin d\u2019ouvriers qualifi\u00e9s pour lui rendre gloire dans le monde professionnel. C\u2019est par nous, ses enfants r\u00e9pandus dans tous les secteurs de la soci\u00e9t\u00e9, que le Seigneur veut b\u00e9nir la soci\u00e9t\u00e9 et se faire conna\u00eetre ! Et toi, tu es l\u2019un des maillons essentiels de cette cha\u00eene car l\u00e0 o\u00f9 le Seigneur t\u2019a plac\u00e9, tu es souvent le seul \u00e0 pouvoir agir en son nom !<\/strong><\/p>\t\t\t\t\t\t\t\t<\/div>\n\t\t\t\t<\/div>\n\t\t\t\t\t<\/div>\n\t\t<\/div>\n\t\t\t\t\t<\/div>\n\t\t<\/section>\n\t\t\t\t<section data-particle_enable=\"false\" data-particle-mobile-disabled=\"false\" class=\"elementor-section elementor-top-section elementor-element elementor-element-c144aac light elementor-section-boxed elementor-section-height-default elementor-section-height-default\" data-id=\"c144aac\" data-element_type=\"section\" data-settings=\"{&quot;background_background&quot;:&quot;classic&quot;}\">\n\t\t\t\t\t\t<div class=\"elementor-container elementor-column-gap-default\">\n\t\t\t\t\t<div class=\"elementor-column elementor-col-100 elementor-top-column elementor-element elementor-element-dbd3219\" data-id=\"dbd3219\" data-element_type=\"column\">\n\t\t\t<div class=\"elementor-widget-wrap elementor-element-populated\">\n\t\t\t\t\t\t<div class=\"elementor-element elementor-element-1adb903 elementor-widget elementor-widget-heading\" data-id=\"1adb903\" data-element_type=\"widget\" data-widget_type=\"heading.default\">\n\t\t\t\t<div class=\"elementor-widget-container\">\n\t\t\t\t\t<h2 class=\"elementor-heading-title elementor-size-default\">Cours disponibles<\/h2>\t\t\t\t<\/div>\n\t\t\t\t<\/div>\n\t\t\t\t<section data-particle_enable=\"false\" data-particle-mobile-disabled=\"false\" class=\"elementor-section elementor-inner-section elementor-element elementor-element-f39350d elementor-section-boxed elementor-section-height-default elementor-section-height-default\" data-id=\"f39350d\" data-element_type=\"section\" data-settings=\"{&quot;background_background&quot;:&quot;classic&quot;}\">\n\t\t\t\t\t\t<div class=\"elementor-container elementor-column-gap-default\">\n\t\t\t\t\t<div class=\"elementor-column elementor-col-100 elementor-inner-column elementor-element elementor-element-100bfa7\" data-id=\"100bfa7\" data-element_type=\"column\">\n\t\t\t<div class=\"elementor-widget-wrap elementor-element-populated\">\n\t\t\t\t\t\t<div class=\"elementor-element elementor-element-b4bdba6 elementor-widget elementor-widget-heading\" data-id=\"b4bdba6\" data-element_type=\"widget\" data-widget_type=\"heading.default\">\n\t\t\t\t<div class=\"elementor-widget-container\">\n\t\t\t\t\t<h3 class=\"elementor-heading-title elementor-size-default\"><a href=\"https:\/\/formationc-proactif.org\/course\/view.php?id=4\">ENFANTS DU ROYAUME DANS NOS SPHERES PRO<\/a><\/h3>\t\t\t\t<\/div>\n\t\t\t\t<\/div>\n\t\t\t\t\t<\/div>\n\t\t<\/div>\n\t\t\t\t\t<\/div>\n\t\t<\/section>\n\t\t\t\t<section data-particle_enable=\"false\" data-particle-mobile-disabled=\"false\" class=\"elementor-section elementor-inner-section elementor-element elementor-element-77a124b elementor-section-boxed elementor-section-height-default elementor-section-height-default\" data-id=\"77a124b\" data-element_type=\"section\" data-settings=\"{&quot;background_background&quot;:&quot;classic&quot;}\">\n\t\t\t\t\t\t<div class=\"elementor-container elementor-column-gap-default\">\n\t\t\t\t\t<div class=\"elementor-column elementor-col-33 elementor-inner-column elementor-element elementor-element-7d88f7b\" data-id=\"7d88f7b\" data-element_type=\"column\">\n\t\t\t<div class=\"elementor-widget-wrap elementor-element-populated\">\n\t\t\t\t\t\t<div class=\"elementor-element elementor-element-d95bb5c elementor-widget elementor-widget-image\" data-id=\"d95bb5c\" data-element_type=\"widget\" data-widget_type=\"image.default\">\n\t\t\t\t<div class=\"elementor-widget-container\">\n\t\t\t\t\t\t\t\t\t\t\t\t\t\t\t<img decoding=\"async\" src=\"https:\/\/wp-sites.ccci.org\/c-proactif\/wp-content\/uploads\/sites\/393\/2024\/12\/enfants-du-royaume.jpg?w=557\" title=\"enfants-du-royaume\" alt=\"enfants-du-royaume\" loading=\"lazy\" \/>\t\t\t\t\t\t\t\t\t\t\t\t\t\t\t<\/div>\n\t\t\t\t<\/div>\n\t\t\t\t\t<\/div>\n\t\t<\/div>\n\t\t\t\t<div class=\"elementor-column elementor-col-66 elementor-inner-column elementor-element elementor-element-1d521e2\" data-id=\"1d521e2\" data-element_type=\"column\">\n\t\t\t<div class=\"elementor-widget-wrap elementor-element-populated\">\n\t\t\t\t\t\t<div class=\"elementor-element elementor-element-195185a elementor-widget elementor-widget-text-editor\" data-id=\"195185a\" data-element_type=\"widget\" data-widget_type=\"text-editor.default\">\n\t\t\t\t<div class=\"elementor-widget-container\">\n\t\t\t\t\t\t\t\t\t<p>Alors que 90% de la population active de nos \u00e9glises est en activit\u00e9 professionnelle, que veut dire servir Dieu par son travail ? Quel est le minist\u00e8re d\u2019un chr\u00e9tien au travail ? Quel est le lien entre le minist\u00e8re du chr\u00e9tien au travail et l\u2019\u00c9glise ? Comment vivre notre mission de serviteurs de Dieu dans le monde pour y \u00eatre sel et lumi\u00e8re de l\u2019\u00c9vangile ?<\/p><p><a href=\"https:\/\/formationc-proactif.org\/mod\/page\/view.php?id=80\" target=\"_blank\" rel=\"noopener\">DESCRIPTION DU PLAN DE COURS\u00a0<\/a><\/p><ul class=\"teachers\"><li><span class=\"font-weight-bold\">Enseignant : <\/span><a href=\"https:\/\/formationc-proactif.org\/user\/profile.php?id=3\" target=\"_blank\" rel=\"noopener\">Anne-Marie Husson<\/a><\/li><li><span class=\"font-weight-bold\">Administrateur technique : <\/span><a href=\"https:\/\/formationc-proactif.org\/user\/profile.php?id=2\" target=\"_blank\" rel=\"noopener\">Philippe Ramette<\/a><\/li><\/ul><div id=\"yui_3_18_1_1_1735245149808_29\" class=\"customfields-container\"><div id=\"yui_3_18_1_1_1735245149808_32\" class=\"customfield customfield_textarea customfield_duree\"><p><span class=\"customfieldname\">Dur\u00e9e\u00a0<\/span><span class=\"customfieldseparator\">:\u00a0<\/span><strong>24h<\/strong>\u00a0(2h\/semaine sur 12 semaines)<\/p><\/div><div id=\"yui_3_18_1_1_1735245149808_28\" class=\"customfield customfield_textarea customfield_prix\"><h6><strong>Ouverture de la prochaine session : 18 octobre 2025 <br \/>Fin : 17 janvier 2026<\/strong><\/h6><h6><strong>Tarif : 145 \u20ac <\/strong>(tarif normal)<br \/>Tarif membre : 130\u20ac<\/h6><h5><strong>Ouverture des inscriptions : 15 septembre <br \/><br \/>Processus d&rsquo;inscription en 3 \u00e9tapes :<\/strong><\/h5><\/div><\/div>\t\t\t\t\t\t\t\t<\/div>\n\t\t\t\t<\/div>\n\t\t\t\t\t<\/div>\n\t\t<\/div>\n\t\t\t\t\t<\/div>\n\t\t<\/section>\n\t\t\t\t<section data-particle_enable=\"false\" data-particle-mobile-disabled=\"false\" class=\"elementor-section elementor-inner-section elementor-element elementor-element-f0784ff elementor-section-content-middle elementor-section-boxed elementor-section-height-default elementor-section-height-default\" data-id=\"f0784ff\" data-element_type=\"section\" data-settings=\"{&quot;background_background&quot;:&quot;classic&quot;}\">\n\t\t\t\t\t\t<div class=\"elementor-container elementor-column-gap-default\">\n\t\t\t\t\t<div class=\"elementor-column elementor-col-25 elementor-inner-column elementor-element elementor-element-efd0cf4\" data-id=\"efd0cf4\" data-element_type=\"column\">\n\t\t\t<div class=\"elementor-widget-wrap\">\n\t\t\t\t\t\t\t<\/div>\n\t\t<\/div>\n\t\t\t\t<div class=\"elementor-column elementor-col-25 elementor-inner-column elementor-element elementor-element-555ed37\" data-id=\"555ed37\" data-element_type=\"column\">\n\t\t\t<div class=\"elementor-widget-wrap elementor-element-populated\">\n\t\t\t\t\t\t<div class=\"elementor-element elementor-element-783e394 elementor-widget elementor-widget-image\" data-id=\"783e394\" data-element_type=\"widget\" data-widget_type=\"image.default\">\n\t\t\t\t<div class=\"elementor-widget-container\">\n\t\t\t\t\t\t\t\t\t\t\t\t\t\t\t<img decoding=\"async\" src=\"https:\/\/wp-sites.ccci.org\/c-proactif\/wp-content\/uploads\/sites\/393\/2024\/12\/processus-inscription-3etapes.png?w=652\" title=\"processus-inscription-3etapes\" alt=\"processus-inscription-3etapes\" loading=\"lazy\" \/>\t\t\t\t\t\t\t\t\t\t\t\t\t\t\t<\/div>\n\t\t\t\t<\/div>\n\t\t\t\t\t<\/div>\n\t\t<\/div>\n\t\t\t\t<div class=\"elementor-column elementor-col-50 elementor-inner-column elementor-element elementor-element-1a6c655\" data-id=\"1a6c655\" data-element_type=\"column\">\n\t\t\t<div class=\"elementor-widget-wrap elementor-element-populated\">\n\t\t\t\t\t\t<div class=\"elementor-element elementor-element-2e652fb elementor-align-right orange elementor-widget elementor-widget-button\" data-id=\"2e652fb\" data-element_type=\"widget\" data-widget_type=\"button.default\">\n\t\t\t\t<div class=\"elementor-widget-container\">\n\t\t\t\t\t\t\t\t\t<div class=\"elementor-button-wrapper\">\n\t\t\t\t\t<a class=\"elementor-button elementor-button-link elementor-size-sm\" href=\"https:\/\/formationc-proactif.org\/login\/index.php\">\n\t\t\t\t\t\t<span class=\"elementor-button-content-wrapper\">\n\t\t\t\t\t\t\t\t\t<span class=\"elementor-button-text\">Je m'inscris<\/span>\n\t\t\t\t\t<\/span>\n\t\t\t\t\t<\/a>\n\t\t\t\t<\/div>\n\t\t\t\t\t\t\t\t<\/div>\n\t\t\t\t<\/div>\n\t\t\t\t\t<\/div>\n\t\t<\/div>\n\t\t\t\t\t<\/div>\n\t\t<\/section>\n\t\t\t\t<div class=\"elementor-element elementor-element-1d41977 elementor-widget elementor-widget-spacer\" data-id=\"1d41977\" data-element_type=\"widget\" data-widget_type=\"spacer.default\">\n\t\t\t\t<div class=\"elementor-widget-container\">\n\t\t\t\t\t\t\t<div class=\"elementor-spacer\">\n\t\t\t<div class=\"elementor-spacer-inner\"><\/div>\n\t\t<\/div>\n\t\t\t\t\t\t<\/div>\n\t\t\t\t<\/div>\n\t\t\t\t\t<\/div>\n\t\t<\/div>\n\t\t\t\t\t<\/div>\n\t\t<\/section>\n\t\t\t\t<\/div>\n\t\t","protected":false},"excerpt":{"rendered":"<p>Se former, c\u2019est se laisser transformer ! Te sens-tu suffisamment \u00e9quip\u00e9 pour vivre en chr\u00e9tien dans ta sph\u00e8re professionnelle ? Par exemple, es-tu \u00e0 l\u2019aise pour : Mettre en coh\u00e9rence [&hellip;]<\/p>\n","protected":false},"author":14333,"featured_media":0,"parent":0,"menu_order":0,"comment_status":"closed","ping_status":"closed","template":"","meta":{"site-sidebar-layout":"default","site-content-layout":"default","ast-site-content-layout":"default","site-content-style":"default","site-sidebar-style":"default","ast-global-header-display":"","ast-banner-title-visibility":"","ast-main-header-display":"","ast-hfb-above-header-display":"","ast-hfb-below-header-display":"","ast-hfb-mobile-header-display":"","site-post-title":"","ast-breadcrumbs-content":"","ast-featured-img":"disabled","footer-sml-layout":"","ast-disable-related-posts":"","theme-transparent-header-meta":"default","adv-header-id-meta":"","stick-header-meta":"","header-above-stick-meta":"","header-main-stick-meta":"","header-below-stick-meta":"","astra-migrate-meta-layouts":"set","ast-page-background-enabled":"default","ast-page-background-meta":{"desktop":{"background-color":"","background-image":"","background-repeat":"repeat","background-position":"center center","background-size":"auto","background-attachment":"scroll","background-type":"","background-media":"","overlay-type":"","overlay-color":"","overlay-opacity":"","overlay-gradient":""},"tablet":{"background-color":"","background-image":"","background-repeat":"repeat","background-position":"center center","background-size":"auto","background-attachment":"scroll","background-type":"","background-media":"","overlay-type":"","overlay-color":"","overlay-opacity":"","overlay-gradient":""},"mobile":{"background-color":"","background-image":"","background-repeat":"repeat","background-position":"center center","background-size":"auto","background-attachment":"scroll","background-type":"","background-media":"","overlay-type":"","overlay-color":"","overlay-opacity":"","overlay-gradient":""}},"ast-content-background-meta":{"desktop":{"background-color":"var(--ast-global-color-5)","background-image":"","background-repeat":"repeat","background-position":"center center","background-size":"auto","background-attachment":"scroll","background-type":"","background-media":"","overlay-type":"","overlay-color":"","overlay-opacity":"","overlay-gradient":""},"tablet":{"background-color":"var(--ast-global-color-5)","background-image":"","background-repeat":"repeat","background-position":"center center","background-size":"auto","background-attachment":"scroll","background-type":"","background-media":"","overlay-type":"","overlay-color":"","overlay-opacity":"","overlay-gradient":""},"mobile":{"background-color":"var(--ast-global-color-5)","background-image":"","background-repeat":"repeat","background-position":"center center","background-size":"auto","background-attachment":"scroll","background-type":"","background-media":"","overlay-type":"","overlay-color":"","overlay-opacity":"","overlay-gradient":""}},"footnotes":""},"class_list":["post-576","page","type-page","status-publish","hentry"],"yoast_head":"<!-- This site is optimized with the Yoast SEO plugin v26.7 - https:\/\/yoast.com\/wordpress\/plugins\/seo\/ -->\n<title>Formons-nous ! - C-PROACTIF<\/title>\n<meta name=\"description\" content=\"Suivez la formation de C-PROACTIF pour devenir un chr\u00e9tien au travail, capable de faire face aux d\u00e9fis de la vie professionelle et de t\u00e9moigner de sa foi.\" \/>\n<meta name=\"robots\" content=\"noindex, follow, max-snippet:-1, max-image-preview:large, max-video-preview:-1\" \/>\n<meta property=\"og:locale\" content=\"fr_FR\" \/>\n<meta property=\"og:type\" content=\"article\" \/>\n<meta property=\"og:title\" content=\"Formons-nous ! - C-PROACTIF\" \/>\n<meta property=\"og:description\" content=\"Suivez la formation de C-PROACTIF pour devenir un chr\u00e9tien au travail, capable de faire face aux d\u00e9fis de la vie professionelle et de t\u00e9moigner de sa foi.\" \/>\n<meta property=\"og:url\" content=\"https:\/\/wp-sites.ccci.org\/c-proactif\/formons-nous\/\" \/>\n<meta property=\"og:site_name\" content=\"C-PROACTIF\" \/>\n<meta property=\"article:modified_time\" content=\"2025-08-19T07:42:31+00:00\" \/>\n<meta property=\"og:image\" content=\"https:\/\/c-proactif.org\/wp-content\/uploads\/sites\/393\/2024\/12\/enfants-du-royaume.jpg?w=557\" \/>\n<meta name=\"twitter:card\" content=\"summary_large_image\" \/>\n<meta name=\"twitter:label1\" content=\"Dur\u00e9e de lecture estim\u00e9e\" \/>\n\t<meta name=\"twitter:data1\" content=\"2 minutes\" \/>\n<script type=\"application\/ld+json\" class=\"yoast-schema-graph\">{\"@context\":\"https:\/\/schema.org\",\"@graph\":[{\"@type\":\"WebPage\",\"@id\":\"https:\/\/wp-sites.ccci.org\/c-proactif\/formons-nous\/\",\"url\":\"https:\/\/wp-sites.ccci.org\/c-proactif\/formons-nous\/\",\"name\":\"Formons-nous ! - C-PROACTIF\",\"isPartOf\":{\"@id\":\"https:\/\/wp-sites.ccci.org\/c-proactif\/#website\"},\"primaryImageOfPage\":{\"@id\":\"https:\/\/wp-sites.ccci.org\/c-proactif\/formons-nous\/#primaryimage\"},\"image\":{\"@id\":\"https:\/\/wp-sites.ccci.org\/c-proactif\/formons-nous\/#primaryimage\"},\"thumbnailUrl\":\"https:\/\/c-proactif.org\/wp-content\/uploads\/sites\/393\/2024\/12\/enfants-du-royaume.jpg?w=557\",\"datePublished\":\"2019-07-16T10:40:35+00:00\",\"dateModified\":\"2025-08-19T07:42:31+00:00\",\"description\":\"Suivez la formation de C-PROACTIF pour devenir un chr\u00e9tien au travail, capable de faire face aux d\u00e9fis de la vie professionelle et de t\u00e9moigner de sa foi.\",\"breadcrumb\":{\"@id\":\"https:\/\/wp-sites.ccci.org\/c-proactif\/formons-nous\/#breadcrumb\"},\"inLanguage\":\"fr-FR\",\"potentialAction\":[{\"@type\":\"ReadAction\",\"target\":[\"https:\/\/wp-sites.ccci.org\/c-proactif\/formons-nous\/\"]}]},{\"@type\":\"ImageObject\",\"inLanguage\":\"fr-FR\",\"@id\":\"https:\/\/wp-sites.ccci.org\/c-proactif\/formons-nous\/#primaryimage\",\"url\":\"https:\/\/c-proactif.org\/wp-content\/uploads\/sites\/393\/2024\/12\/enfants-du-royaume.jpg?w=557\",\"contentUrl\":\"https:\/\/c-proactif.org\/wp-content\/uploads\/sites\/393\/2024\/12\/enfants-du-royaume.jpg?w=557\"},{\"@type\":\"BreadcrumbList\",\"@id\":\"https:\/\/wp-sites.ccci.org\/c-proactif\/formons-nous\/#breadcrumb\",\"itemListElement\":[{\"@type\":\"ListItem\",\"position\":1,\"name\":\"Accueil\",\"item\":\"https:\/\/wp-sites.ccci.org\/c-proactif\/\"},{\"@type\":\"ListItem\",\"position\":2,\"name\":\"Formons-nous !\"}]},{\"@type\":\"WebSite\",\"@id\":\"https:\/\/wp-sites.ccci.org\/c-proactif\/#website\",\"url\":\"https:\/\/wp-sites.ccci.org\/c-proactif\/\",\"name\":\"C-PROACTIF\",\"description\":\"R\u00e9seau professionnel chr\u00e9tien\",\"publisher\":{\"@id\":\"https:\/\/wp-sites.ccci.org\/c-proactif\/#organization\"},\"potentialAction\":[{\"@type\":\"SearchAction\",\"target\":{\"@type\":\"EntryPoint\",\"urlTemplate\":\"https:\/\/wp-sites.ccci.org\/c-proactif\/?s={search_term_string}\"},\"query-input\":{\"@type\":\"PropertyValueSpecification\",\"valueRequired\":true,\"valueName\":\"search_term_string\"}}],\"inLanguage\":\"fr-FR\"},{\"@type\":\"Organization\",\"@id\":\"https:\/\/wp-sites.ccci.org\/c-proactif\/#organization\",\"name\":\"C-PROACTIF\",\"url\":\"https:\/\/wp-sites.ccci.org\/c-proactif\/\",\"logo\":{\"@type\":\"ImageObject\",\"inLanguage\":\"fr-FR\",\"@id\":\"https:\/\/wp-sites.ccci.org\/c-proactif\/#\/schema\/logo\/image\/\",\"url\":\"https:\/\/wp-sites.ccci.org\/c-proactif\/wp-content\/uploads\/sites\/393\/2021\/05\/logo-baseline-blanc-300.png\",\"contentUrl\":\"https:\/\/wp-sites.ccci.org\/c-proactif\/wp-content\/uploads\/sites\/393\/2021\/05\/logo-baseline-blanc-300.png\",\"width\":300,\"height\":113,\"caption\":\"C-PROACTIF\"},\"image\":{\"@id\":\"https:\/\/wp-sites.ccci.org\/c-proactif\/#\/schema\/logo\/image\/\"}}]}<\/script>\n<!-- \/ Yoast SEO plugin. -->","yoast_head_json":{"title":"Formons-nous ! - C-PROACTIF","description":"Suivez la formation de C-PROACTIF pour devenir un chr\u00e9tien au travail, capable de faire face aux d\u00e9fis de la vie professionelle et de t\u00e9moigner de sa foi.","robots":{"index":"noindex","follow":"follow","max-snippet":"max-snippet:-1","max-image-preview":"max-image-preview:large","max-video-preview":"max-video-preview:-1"},"og_locale":"fr_FR","og_type":"article","og_title":"Formons-nous ! - C-PROACTIF","og_description":"Suivez la formation de C-PROACTIF pour devenir un chr\u00e9tien au travail, capable de faire face aux d\u00e9fis de la vie professionelle et de t\u00e9moigner de sa foi.","og_url":"https:\/\/wp-sites.ccci.org\/c-proactif\/formons-nous\/","og_site_name":"C-PROACTIF","article_modified_time":"2025-08-19T07:42:31+00:00","og_image":[{"url":"https:\/\/c-proactif.org\/wp-content\/uploads\/sites\/393\/2024\/12\/enfants-du-royaume.jpg?w=557","type":"","width":"","height":""}],"twitter_card":"summary_large_image","twitter_misc":{"Dur\u00e9e de lecture estim\u00e9e":"2 minutes"},"schema":{"@context":"https:\/\/schema.org","@graph":[{"@type":"WebPage","@id":"https:\/\/wp-sites.ccci.org\/c-proactif\/formons-nous\/","url":"https:\/\/wp-sites.ccci.org\/c-proactif\/formons-nous\/","name":"Formons-nous ! - C-PROACTIF","isPartOf":{"@id":"https:\/\/wp-sites.ccci.org\/c-proactif\/#website"},"primaryImageOfPage":{"@id":"https:\/\/wp-sites.ccci.org\/c-proactif\/formons-nous\/#primaryimage"},"image":{"@id":"https:\/\/wp-sites.ccci.org\/c-proactif\/formons-nous\/#primaryimage"},"thumbnailUrl":"https:\/\/c-proactif.org\/wp-content\/uploads\/sites\/393\/2024\/12\/enfants-du-royaume.jpg?w=557","datePublished":"2019-07-16T10:40:35+00:00","dateModified":"2025-08-19T07:42:31+00:00","description":"Suivez la formation de C-PROACTIF pour devenir un chr\u00e9tien au travail, capable de faire face aux d\u00e9fis de la vie professionelle et de t\u00e9moigner de sa foi.","breadcrumb":{"@id":"https:\/\/wp-sites.ccci.org\/c-proactif\/formons-nous\/#breadcrumb"},"inLanguage":"fr-FR","potentialAction":[{"@type":"ReadAction","target":["https:\/\/wp-sites.ccci.org\/c-proactif\/formons-nous\/"]}]},{"@type":"ImageObject","inLanguage":"fr-FR","@id":"https:\/\/wp-sites.ccci.org\/c-proactif\/formons-nous\/#primaryimage","url":"https:\/\/c-proactif.org\/wp-content\/uploads\/sites\/393\/2024\/12\/enfants-du-royaume.jpg?w=557","contentUrl":"https:\/\/c-proactif.org\/wp-content\/uploads\/sites\/393\/2024\/12\/enfants-du-royaume.jpg?w=557"},{"@type":"BreadcrumbList","@id":"https:\/\/wp-sites.ccci.org\/c-proactif\/formons-nous\/#breadcrumb","itemListElement":[{"@type":"ListItem","position":1,"name":"Accueil","item":"https:\/\/wp-sites.ccci.org\/c-proactif\/"},{"@type":"ListItem","position":2,"name":"Formons-nous !"}]},{"@type":"WebSite","@id":"https:\/\/wp-sites.ccci.org\/c-proactif\/#website","url":"https:\/\/wp-sites.ccci.org\/c-proactif\/","name":"C-PROACTIF","description":"R\u00e9seau professionnel chr\u00e9tien","publisher":{"@id":"https:\/\/wp-sites.ccci.org\/c-proactif\/#organization"},"potentialAction":[{"@type":"SearchAction","target":{"@type":"EntryPoint","urlTemplate":"https:\/\/wp-sites.ccci.org\/c-proactif\/?s={search_term_string}"},"query-input":{"@type":"PropertyValueSpecification","valueRequired":true,"valueName":"search_term_string"}}],"inLanguage":"fr-FR"},{"@type":"Organization","@id":"https:\/\/wp-sites.ccci.org\/c-proactif\/#organization","name":"C-PROACTIF","url":"https:\/\/wp-sites.ccci.org\/c-proactif\/","logo":{"@type":"ImageObject","inLanguage":"fr-FR","@id":"https:\/\/wp-sites.ccci.org\/c-proactif\/#\/schema\/logo\/image\/","url":"https:\/\/wp-sites.ccci.org\/c-proactif\/wp-content\/uploads\/sites\/393\/2021\/05\/logo-baseline-blanc-300.png","contentUrl":"https:\/\/wp-sites.ccci.org\/c-proactif\/wp-content\/uploads\/sites\/393\/2021\/05\/logo-baseline-blanc-300.png","width":300,"height":113,"caption":"C-PROACTIF"},"image":{"@id":"https:\/\/wp-sites.ccci.org\/c-proactif\/#\/schema\/logo\/image\/"}}]}},"meta_box":[],"_links":{"self":[{"href":"https:\/\/wp-sites.ccci.org\/c-proactif\/wp-json\/wp\/v2\/pages\/576","targetHints":{"allow":["GET"]}}],"collection":[{"href":"https:\/\/wp-sites.ccci.org\/c-proactif\/wp-json\/wp\/v2\/pages"}],"about":[{"href":"https:\/\/wp-sites.ccci.org\/c-proactif\/wp-json\/wp\/v2\/types\/page"}],"author":[{"embeddable":true,"href":"https:\/\/wp-sites.ccci.org\/c-proactif\/wp-json\/wp\/v2\/users\/14333"}],"replies":[{"embeddable":true,"href":"https:\/\/wp-sites.ccci.org\/c-proactif\/wp-json\/wp\/v2\/comments?post=576"}],"version-history":[{"count":68,"href":"https:\/\/wp-sites.ccci.org\/c-proactif\/wp-json\/wp\/v2\/pages\/576\/revisions"}],"predecessor-version":[{"id":16573,"href":"https:\/\/wp-sites.ccci.org\/c-proactif\/wp-json\/wp\/v2\/pages\/576\/revisions\/16573"}],"wp:attachment":[{"href":"https:\/\/wp-sites.ccci.org\/c-proactif\/wp-json\/wp\/v2\/media?parent=576"}],"curies":[{"name":"wp","href":"https:\/\/api.w.org\/{rel}","templated":true}]}}